{"id":5930,"date":"2018-06-06T12:11:01","date_gmt":"2018-06-06T10:11:01","guid":{"rendered":"http:\/\/serwer1328948.home.pl\/itp\/?page_id=5930"},"modified":"2018-06-20T13:50:59","modified_gmt":"2018-06-20T11:50:59","slug":"proszki","status":"publish","type":"page","link":"http:\/\/www.itp-system.pl\/index.php\/proszki\/","title":{"rendered":"Proszki"},"content":{"rendered":"<p>Technologie opracowane przez ITP-System pozwalaj\u0105 na uzyskiwanie nanokomponent\u00f3w w postaci proszkowej. Po dok\u0142adnej dyspersji mo\u017cemy dzi\u0119ki nim uzyskiwa\u0107 doskona\u0142e w\u0142a\u015bciwo\u015bci przy niewielkim dodatku komponentu.<\/p>\n<p><strong><a href=\"http:\/\/www.itp-system.pl\/index.php\/katalogi\/\">Wi\u0119cej informacji znajdziecie w naszych prezentacjach i katalogach!<\/a><\/strong><\/p>\n\n<table id=\"tablepress-9\" class=\"tablepress tablepress-id-9 tablepress-responsive\">\n<thead>\n<tr class=\"row-1\">\n\t<th class=\"column-1\">Nazwa produktu<\/th><th class=\"column-2\">Opis<\/th><th class=\"column-3\">Sk\u0142adnik aktywny<\/th><th class=\"column-4\">St\u0119\u017cenie<\/th><th class=\"column-5\">No\u015bnik<\/th><th class=\"column-6\">Zastosowanie<\/th>\n<\/tr>\n<\/thead>\n<tbody class=\"row-striping row-hover\">\n<tr class=\"row-2\">\n\t<td class=\"column-1\"><strong>NanoSilverGuard POWDER HI<\/strong><\/td><td class=\"column-2\">Hydrofilowy proszek na bazie nanosrebra<\/td><td class=\"column-3\">Nanosrebro<\/td><td class=\"column-4\">1000 - 200 000 ppm<\/td><td class=\"column-5\">Hydrofilowy nanotlenek krzemu<\/td><td class=\"column-6\">Dodatek do produkt\u00f3w na bazie rozpuszczalnik\u00f3w polarnych - kosmetyki, materia\u0142y budowlane, ceramika, \u015brodki ochrony ro\u015blin itp.<\/td>\n<\/tr>\n<tr class=\"row-3\">\n\t<td class=\"column-1\"><strong>NanoSilverGuard POWDER HF<\/strong><\/td><td class=\"column-2\">Hydrofobowy proszek na bazie nanosrebra<\/td><td class=\"column-3\">Nanosrebro<\/td><td class=\"column-4\">1000 - 200 000 ppm<\/td><td class=\"column-5\">Hydrofobowy nanotlenek krzemu<\/td><td class=\"column-6\">Dodatek do produkt\u00f3w na bazie rozpuszczalnik\u00f3w niepolarnych - kosmetyki, materia\u0142y budowlane, lakiery, \u017cywice itp.<\/td>\n<\/tr>\n<tr class=\"row-4\">\n\t<td class=\"column-1\"><strong>NanoGuard ZnO<\/strong><\/td><td class=\"column-2\">Hydrofilowy proszek na bazie nanotlenku cynku<\/td><td class=\"column-3\">Nanotlenek cynku<\/td><td class=\"column-4\">200 000 - 800 000 ppm<\/td><td class=\"column-5\">Brak<\/td><td class=\"column-6\">Dodatek do produkt\u00f3w na bazie rozpuszczalnik\u00f3w polarnych - kosmetyki, materia\u0142y budowlane, ceramika, \u015brodki ochrony ro\u015blin itp.<\/td>\n<\/tr>\n<tr class=\"row-5\">\n\t<td class=\"column-1\"><strong>NanoGuard COMPLEX<\/strong><\/td><td class=\"column-2\">Hydrofilowy proszek na bazie nanotlenku cynku i tytanu<\/td><td class=\"column-3\">Nanotlenki cynku i tytanu<\/td><td class=\"column-4\">200 000 - 800 000 ppm<\/td><td class=\"column-5\">Brak<\/td><td class=\"column-6\">Dodatek do produkt\u00f3w na bazie rozpuszczalnik\u00f3w polarnych - kosmetyki, materia\u0142y budowlane, ceramika, \u015brodki ochrony ro\u015blin itp.<\/td>\n<\/tr>\n<tr class=\"row-6\">\n\t<td class=\"column-1\"><strong>NanoGuard TiO2<\/strong><\/td><td class=\"column-2\">Hydrofilowy proszek na bazie nanotlenku tytanu<\/td><td class=\"column-3\">Nanotlenek tytanu<\/td><td class=\"column-4\">200 000 - 800 000 ppm<\/td><td class=\"column-5\">Brak<\/td><td class=\"column-6\">Dodatek do produkt\u00f3w na bazie rozpuszczalnik\u00f3w polarnych - kosmetyki, materia\u0142y budowlane, ceramika, \u015brodki ochrony ro\u015blin itp.<\/td>\n<\/tr>\n<tr class=\"row-7\">\n\t<td class=\"column-1\"><strong>NanoGuard Au<\/strong><\/td><td class=\"column-2\">Hydrofilowy proszek na bazie nanoz\u0142ota<\/td><td class=\"column-3\">Nanoz\u0142oto<\/td><td class=\"column-4\">1000 - 20 000 ppm<\/td><td class=\"column-5\">Hydrofilowy nanotlenek krzemu<\/td><td class=\"column-6\">Dodatek do produkt\u00f3w na bazie rozpuszczalnik\u00f3w polarnych - kosmetyki itp.<\/td>\n<\/tr>\n<\/tbody>\n<\/table>\n\n","protected":false},"excerpt":{"rendered":"<p>Technologie opracowane przez ITP-System pozwalaj\u0105 na uzyskiwanie nanokomponent\u00f3w w postaci proszkowej. Po dok\u0142adnej dyspersji mo\u017cemy dzi\u0119ki nim uzyskiwa\u0107 doskona\u0142e w\u0142a\u015bciwo\u015bci przy niewielkim dodatku komponentu. Wi\u0119cej informacji znajdziecie w naszych prezentacjach i katalogach!<\/p>\n","protected":false},"author":1,"featured_media":6251,"parent":0,"menu_order":0,"comment_status":"closed","ping_status":"closed","template":"","meta":{"footnotes":""},"class_list":["post-5930","page","type-page","status-publish","has-post-thumbnail","hentry"],"yoast_head":"<!-- This site is optimized with the Yoast SEO plugin v25.5 - https:\/\/yoast.com\/wordpress\/plugins\/seo\/ -->\n<title>Proszki - ITP-System<\/title>\n<meta name=\"robots\" content=\"index, follow, max-snippet:-1, max-image-preview:large, max-video-preview:-1\" \/>\n<link rel=\"canonical\" href=\"http:\/\/www.itp-system.pl\/index.php\/proszki\/\" \/>\n<meta property=\"og:locale\" content=\"pl_PL\" \/>\n<meta property=\"og:type\" content=\"article\" \/>\n<meta property=\"og:title\" content=\"Proszki - ITP-System\" \/>\n<meta property=\"og:description\" content=\"Technologie opracowane przez ITP-System pozwalaj\u0105 na uzyskiwanie nanokomponent\u00f3w w postaci proszkowej. Po dok\u0142adnej dyspersji mo\u017cemy dzi\u0119ki nim uzyskiwa\u0107 doskona\u0142e w\u0142a\u015bciwo\u015bci przy niewielkim dodatku komponentu. Wi\u0119cej informacji znajdziecie w naszych prezentacjach i katalogach!\" \/>\n<meta property=\"og:url\" content=\"http:\/\/www.itp-system.pl\/index.php\/proszki\/\" \/>\n<meta property=\"og:site_name\" content=\"ITP-System\" \/>\n<meta property=\"article:modified_time\" content=\"2018-06-20T11:50:59+00:00\" \/>\n<meta property=\"og:image\" content=\"http:\/\/www.itp-system.pl\/wp-content\/uploads\/2018\/06\/proch-3.jpg\" \/>\n\t<meta property=\"og:image:width\" content=\"900\" \/>\n\t<meta property=\"og:image:height\" content=\"600\" \/>\n\t<meta property=\"og:image:type\" content=\"image\/jpeg\" \/>\n<meta name=\"twitter:card\" content=\"summary_large_image\" \/>\n<script type=\"application\/ld+json\" class=\"yoast-schema-graph\">{\"@context\":\"https:\/\/schema.org\",\"@graph\":[{\"@type\":\"WebPage\",\"@id\":\"http:\/\/www.itp-system.pl\/index.php\/proszki\/\",\"url\":\"http:\/\/www.itp-system.pl\/index.php\/proszki\/\",\"name\":\"Proszki - ITP-System\",\"isPartOf\":{\"@id\":\"http:\/\/www.itp-system.pl\/#website\"},\"primaryImageOfPage\":{\"@id\":\"http:\/\/www.itp-system.pl\/index.php\/proszki\/#primaryimage\"},\"image\":{\"@id\":\"http:\/\/www.itp-system.pl\/index.php\/proszki\/#primaryimage\"},\"thumbnailUrl\":\"http:\/\/www.itp-system.pl\/wp-content\/uploads\/2018\/06\/proch-3.jpg\",\"datePublished\":\"2018-06-06T10:11:01+00:00\",\"dateModified\":\"2018-06-20T11:50:59+00:00\",\"breadcrumb\":{\"@id\":\"http:\/\/www.itp-system.pl\/index.php\/proszki\/#breadcrumb\"},\"inLanguage\":\"pl-PL\",\"potentialAction\":[{\"@type\":\"ReadAction\",\"target\":[\"http:\/\/www.itp-system.pl\/index.php\/proszki\/\"]}]},{\"@type\":\"ImageObject\",\"inLanguage\":\"pl-PL\",\"@id\":\"http:\/\/www.itp-system.pl\/index.php\/proszki\/#primaryimage\",\"url\":\"http:\/\/www.itp-system.pl\/wp-content\/uploads\/2018\/06\/proch-3.jpg\",\"contentUrl\":\"http:\/\/www.itp-system.pl\/wp-content\/uploads\/2018\/06\/proch-3.jpg\",\"width\":900,\"height\":600,\"caption\":\"Closeup of the texture of turmeric powder\"},{\"@type\":\"BreadcrumbList\",\"@id\":\"http:\/\/www.itp-system.pl\/index.php\/proszki\/#breadcrumb\",\"itemListElement\":[{\"@type\":\"ListItem\",\"position\":1,\"name\":\"Strona g\u0142\u00f3wna\",\"item\":\"https:\/\/www.itp-system.pl\/\"},{\"@type\":\"ListItem\",\"position\":2,\"name\":\"Proszki\"}]},{\"@type\":\"WebSite\",\"@id\":\"http:\/\/www.itp-system.pl\/#website\",\"url\":\"http:\/\/www.itp-system.pl\/\",\"name\":\"ITP-System\",\"description\":\"Centrum Innowacyjnych Technologii\",\"publisher\":{\"@id\":\"http:\/\/www.itp-system.pl\/#organization\"},\"potentialAction\":[{\"@type\":\"SearchAction\",\"target\":{\"@type\":\"EntryPoint\",\"urlTemplate\":\"http:\/\/www.itp-system.pl\/?s={search_term_string}\"},\"query-input\":{\"@type\":\"PropertyValueSpecification\",\"valueRequired\":true,\"valueName\":\"search_term_string\"}}],\"inLanguage\":\"pl-PL\"},{\"@type\":\"Organization\",\"@id\":\"http:\/\/www.itp-system.pl\/#organization\",\"name\":\"ITP-System Sp. z o.o.\",\"url\":\"http:\/\/www.itp-system.pl\/\",\"logo\":{\"@type\":\"ImageObject\",\"inLanguage\":\"pl-PL\",\"@id\":\"http:\/\/www.itp-system.pl\/#\/schema\/logo\/image\/\",\"url\":\"http:\/\/www.itp-system.pl\/wp-content\/uploads\/2021\/03\/cropped-UEEU.png\",\"contentUrl\":\"http:\/\/www.itp-system.pl\/wp-content\/uploads\/2021\/03\/cropped-UEEU.png\",\"width\":400,\"height\":100,\"caption\":\"ITP-System Sp. z o.o.\"},\"image\":{\"@id\":\"http:\/\/www.itp-system.pl\/#\/schema\/logo\/image\/\"}}]}<\/script>\n<!-- \/ Yoast SEO plugin. -->","yoast_head_json":{"title":"Proszki - ITP-System","robots":{"index":"index","follow":"follow","max-snippet":"max-snippet:-1","max-image-preview":"max-image-preview:large","max-video-preview":"max-video-preview:-1"},"canonical":"http:\/\/www.itp-system.pl\/index.php\/proszki\/","og_locale":"pl_PL","og_type":"article","og_title":"Proszki - ITP-System","og_description":"Technologie opracowane przez ITP-System pozwalaj\u0105 na uzyskiwanie nanokomponent\u00f3w w postaci proszkowej. Po dok\u0142adnej dyspersji mo\u017cemy dzi\u0119ki nim uzyskiwa\u0107 doskona\u0142e w\u0142a\u015bciwo\u015bci przy niewielkim dodatku komponentu. Wi\u0119cej informacji znajdziecie w naszych prezentacjach i katalogach!","og_url":"http:\/\/www.itp-system.pl\/index.php\/proszki\/","og_site_name":"ITP-System","article_modified_time":"2018-06-20T11:50:59+00:00","og_image":[{"width":900,"height":600,"url":"http:\/\/www.itp-system.pl\/wp-content\/uploads\/2018\/06\/proch-3.jpg","type":"image\/jpeg"}],"twitter_card":"summary_large_image","schema":{"@context":"https:\/\/schema.org","@graph":[{"@type":"WebPage","@id":"http:\/\/www.itp-system.pl\/index.php\/proszki\/","url":"http:\/\/www.itp-system.pl\/index.php\/proszki\/","name":"Proszki - ITP-System","isPartOf":{"@id":"http:\/\/www.itp-system.pl\/#website"},"primaryImageOfPage":{"@id":"http:\/\/www.itp-system.pl\/index.php\/proszki\/#primaryimage"},"image":{"@id":"http:\/\/www.itp-system.pl\/index.php\/proszki\/#primaryimage"},"thumbnailUrl":"http:\/\/www.itp-system.pl\/wp-content\/uploads\/2018\/06\/proch-3.jpg","datePublished":"2018-06-06T10:11:01+00:00","dateModified":"2018-06-20T11:50:59+00:00","breadcrumb":{"@id":"http:\/\/www.itp-system.pl\/index.php\/proszki\/#breadcrumb"},"inLanguage":"pl-PL","potentialAction":[{"@type":"ReadAction","target":["http:\/\/www.itp-system.pl\/index.php\/proszki\/"]}]},{"@type":"ImageObject","inLanguage":"pl-PL","@id":"http:\/\/www.itp-system.pl\/index.php\/proszki\/#primaryimage","url":"http:\/\/www.itp-system.pl\/wp-content\/uploads\/2018\/06\/proch-3.jpg","contentUrl":"http:\/\/www.itp-system.pl\/wp-content\/uploads\/2018\/06\/proch-3.jpg","width":900,"height":600,"caption":"Closeup of the texture of turmeric powder"},{"@type":"BreadcrumbList","@id":"http:\/\/www.itp-system.pl\/index.php\/proszki\/#breadcrumb","itemListElement":[{"@type":"ListItem","position":1,"name":"Strona g\u0142\u00f3wna","item":"https:\/\/www.itp-system.pl\/"},{"@type":"ListItem","position":2,"name":"Proszki"}]},{"@type":"WebSite","@id":"http:\/\/www.itp-system.pl\/#website","url":"http:\/\/www.itp-system.pl\/","name":"ITP-System","description":"Centrum Innowacyjnych Technologii","publisher":{"@id":"http:\/\/www.itp-system.pl\/#organization"},"potentialAction":[{"@type":"SearchAction","target":{"@type":"EntryPoint","urlTemplate":"http:\/\/www.itp-system.pl\/?s={search_term_string}"},"query-input":{"@type":"PropertyValueSpecification","valueRequired":true,"valueName":"search_term_string"}}],"inLanguage":"pl-PL"},{"@type":"Organization","@id":"http:\/\/www.itp-system.pl\/#organization","name":"ITP-System Sp. z o.o.","url":"http:\/\/www.itp-system.pl\/","logo":{"@type":"ImageObject","inLanguage":"pl-PL","@id":"http:\/\/www.itp-system.pl\/#\/schema\/logo\/image\/","url":"http:\/\/www.itp-system.pl\/wp-content\/uploads\/2021\/03\/cropped-UEEU.png","contentUrl":"http:\/\/www.itp-system.pl\/wp-content\/uploads\/2021\/03\/cropped-UEEU.png","width":400,"height":100,"caption":"ITP-System Sp. z o.o."},"image":{"@id":"http:\/\/www.itp-system.pl\/#\/schema\/logo\/image\/"}}]}},"_links":{"self":[{"href":"http:\/\/www.itp-system.pl\/index.php\/wp-json\/wp\/v2\/pages\/5930","targetHints":{"allow":["GET"]}}],"collection":[{"href":"http:\/\/www.itp-system.pl\/index.php\/wp-json\/wp\/v2\/pages"}],"about":[{"href":"http:\/\/www.itp-system.pl\/index.php\/wp-json\/wp\/v2\/types\/page"}],"author":[{"embeddable":true,"href":"http:\/\/www.itp-system.pl\/index.php\/wp-json\/wp\/v2\/users\/1"}],"replies":[{"embeddable":true,"href":"http:\/\/www.itp-system.pl\/index.php\/wp-json\/wp\/v2\/comments?post=5930"}],"version-history":[{"count":4,"href":"http:\/\/www.itp-system.pl\/index.php\/wp-json\/wp\/v2\/pages\/5930\/revisions"}],"predecessor-version":[{"id":6514,"href":"http:\/\/www.itp-system.pl\/index.php\/wp-json\/wp\/v2\/pages\/5930\/revisions\/6514"}],"wp:featuredmedia":[{"embeddable":true,"href":"http:\/\/www.itp-system.pl\/index.php\/wp-json\/wp\/v2\/media\/6251"}],"wp:attachment":[{"href":"http:\/\/www.itp-system.pl\/index.php\/wp-json\/wp\/v2\/media?parent=5930"}],"curies":[{"name":"wp","href":"https:\/\/api.w.org\/{rel}","templated":true}]}}