{"id":5985,"date":"2018-06-06T12:21:43","date_gmt":"2018-06-06T10:21:43","guid":{"rendered":"http:\/\/serwer1328948.home.pl\/itp\/?page_id=5985"},"modified":"2019-09-13T08:23:36","modified_gmt":"2019-09-13T06:23:36","slug":"ochrona-mikrobiologiczna","status":"publish","type":"page","link":"http:\/\/www.itp-system.pl\/index.php\/ochrona-mikrobiologiczna\/","title":{"rendered":"Nanometale"},"content":{"rendered":"<p>Firma ITP-System w oparciu o w\u0142asne prace badawczo-rozwojowe opracowa\u0142a szereg innowacyjnych preparat\u00f3w w oparciu o technologi\u0119 nanometali. Preparaty na bazie nanosrebra, nanomiedzi, nanotlenku cynku, nanotlenku tytanu (IV) oraz ich kombinacje pozwalaj\u0105 uzyskiwa\u0107 produkty\u00a0 o niespotykanych w\u0142a\u015bciwo\u015bciach. Przeprowadzone przez nas badania wykaza\u0142y praktycznie zerow\u0105 migracj\u0119 nanododatk\u00f3w do \u015brodowiska, co oznacza \u017ce zastosowany dodatek permanentnie pozostaje w produkcie.<\/p>\n<p>Opracowane nanododatki zosta\u0142y zaprojektowane tak, by nie ingerowa\u0107 w procesy produkcyjne wyrob\u00f3w (stanowi\u0105 niewielki udzia\u0142 w masie wyrobu i nie wymagaj\u0105 stosowania specjalnych urz\u0105dze\u0144).<\/p>\n<p><img loading=\"lazy\" decoding=\"async\" class=\"size-large wp-image-6242\" src=\"http:\/\/serwer1328948.home.pl\/itp\/wp-content\/uploads\/2018\/06\/bakterie-1024x731.jpg\" alt=\"\" width=\"930\" height=\"664\" srcset=\"http:\/\/www.itp-system.pl\/wp-content\/uploads\/2018\/06\/bakterie-1024x731.jpg 1024w, http:\/\/www.itp-system.pl\/wp-content\/uploads\/2018\/06\/bakterie-300x214.jpg 300w, http:\/\/www.itp-system.pl\/wp-content\/uploads\/2018\/06\/bakterie-768x548.jpg 768w, http:\/\/www.itp-system.pl\/wp-content\/uploads\/2018\/06\/bakterie-77x55.jpg 77w, http:\/\/www.itp-system.pl\/wp-content\/uploads\/2018\/06\/bakterie-1800x1285.jpg 1800w, http:\/\/www.itp-system.pl\/wp-content\/uploads\/2018\/06\/bakterie-1000x714.jpg 1000w, http:\/\/www.itp-system.pl\/wp-content\/uploads\/2018\/06\/bakterie-600x428.jpg 600w, http:\/\/www.itp-system.pl\/wp-content\/uploads\/2018\/06\/bakterie-784x560.jpg 784w\" sizes=\"auto, (max-width: 930px) 100vw, 930px\" \/><\/p>\n","protected":false},"excerpt":{"rendered":"<p>Firma ITP-System w oparciu o w\u0142asne prace badawczo-rozwojowe opracowa\u0142a szereg innowacyjnych preparat\u00f3w w oparciu o technologi\u0119 nanometali. Preparaty na bazie nanosrebra, nanomiedzi, nanotlenku cynku, nanotlenku tytanu (IV) oraz ich kombinacje pozwalaj\u0105 uzyskiwa\u0107 produkty\u00a0 o niespotykanych w\u0142a\u015bciwo\u015bciach. Przeprowadzone przez nas badania wykaza\u0142y praktycznie zerow\u0105 migracj\u0119 nanododatk\u00f3w do \u015brodowiska, co oznacza \u017ce [&hellip;]<\/p>\n","protected":false},"author":1,"featured_media":6238,"parent":0,"menu_order":0,"comment_status":"closed","ping_status":"closed","template":"","meta":{"footnotes":""},"class_list":["post-5985","page","type-page","status-publish","has-post-thumbnail","hentry"],"yoast_head":"<!-- This site is optimized with the Yoast SEO plugin v25.5 - https:\/\/yoast.com\/wordpress\/plugins\/seo\/ -->\n<title>Nanometale - ITP-System<\/title>\n<meta name=\"robots\" content=\"index, follow, max-snippet:-1, max-image-preview:large, max-video-preview:-1\" \/>\n<link rel=\"canonical\" href=\"http:\/\/www.itp-system.pl\/index.php\/ochrona-mikrobiologiczna\/\" \/>\n<meta property=\"og:locale\" content=\"pl_PL\" \/>\n<meta property=\"og:type\" content=\"article\" \/>\n<meta property=\"og:title\" content=\"Nanometale - ITP-System\" \/>\n<meta property=\"og:description\" content=\"Firma ITP-System w oparciu o w\u0142asne prace badawczo-rozwojowe opracowa\u0142a szereg innowacyjnych preparat\u00f3w w oparciu o technologi\u0119 nanometali. Preparaty na bazie nanosrebra, nanomiedzi, nanotlenku cynku, nanotlenku tytanu (IV) oraz ich kombinacje pozwalaj\u0105 uzyskiwa\u0107 produkty\u00a0 o niespotykanych w\u0142a\u015bciwo\u015bciach. Przeprowadzone przez nas badania wykaza\u0142y praktycznie zerow\u0105 migracj\u0119 nanododatk\u00f3w do \u015brodowiska, co oznacza \u017ce [&hellip;]\" \/>\n<meta property=\"og:url\" content=\"http:\/\/www.itp-system.pl\/index.php\/ochrona-mikrobiologiczna\/\" \/>\n<meta property=\"og:site_name\" content=\"ITP-System\" \/>\n<meta property=\"article:modified_time\" content=\"2019-09-13T06:23:36+00:00\" \/>\n<meta property=\"og:image\" content=\"http:\/\/www.itp-system.pl\/wp-content\/uploads\/2018\/06\/exper.jpg\" \/>\n\t<meta property=\"og:image:width\" content=\"1280\" \/>\n\t<meta property=\"og:image:height\" content=\"859\" \/>\n\t<meta property=\"og:image:type\" content=\"image\/jpeg\" \/>\n<meta name=\"twitter:card\" content=\"summary_large_image\" \/>\n<script type=\"application\/ld+json\" class=\"yoast-schema-graph\">{\"@context\":\"https:\/\/schema.org\",\"@graph\":[{\"@type\":\"WebPage\",\"@id\":\"http:\/\/www.itp-system.pl\/index.php\/ochrona-mikrobiologiczna\/\",\"url\":\"http:\/\/www.itp-system.pl\/index.php\/ochrona-mikrobiologiczna\/\",\"name\":\"Nanometale - ITP-System\",\"isPartOf\":{\"@id\":\"http:\/\/www.itp-system.pl\/#website\"},\"primaryImageOfPage\":{\"@id\":\"http:\/\/www.itp-system.pl\/index.php\/ochrona-mikrobiologiczna\/#primaryimage\"},\"image\":{\"@id\":\"http:\/\/www.itp-system.pl\/index.php\/ochrona-mikrobiologiczna\/#primaryimage\"},\"thumbnailUrl\":\"http:\/\/www.itp-system.pl\/wp-content\/uploads\/2018\/06\/exper.jpg\",\"datePublished\":\"2018-06-06T10:21:43+00:00\",\"dateModified\":\"2019-09-13T06:23:36+00:00\",\"breadcrumb\":{\"@id\":\"http:\/\/www.itp-system.pl\/index.php\/ochrona-mikrobiologiczna\/#breadcrumb\"},\"inLanguage\":\"pl-PL\",\"potentialAction\":[{\"@type\":\"ReadAction\",\"target\":[\"http:\/\/www.itp-system.pl\/index.php\/ochrona-mikrobiologiczna\/\"]}]},{\"@type\":\"ImageObject\",\"inLanguage\":\"pl-PL\",\"@id\":\"http:\/\/www.itp-system.pl\/index.php\/ochrona-mikrobiologiczna\/#primaryimage\",\"url\":\"http:\/\/www.itp-system.pl\/wp-content\/uploads\/2018\/06\/exper.jpg\",\"contentUrl\":\"http:\/\/www.itp-system.pl\/wp-content\/uploads\/2018\/06\/exper.jpg\",\"width\":1280,\"height\":859},{\"@type\":\"BreadcrumbList\",\"@id\":\"http:\/\/www.itp-system.pl\/index.php\/ochrona-mikrobiologiczna\/#breadcrumb\",\"itemListElement\":[{\"@type\":\"ListItem\",\"position\":1,\"name\":\"Strona g\u0142\u00f3wna\",\"item\":\"https:\/\/www.itp-system.pl\/\"},{\"@type\":\"ListItem\",\"position\":2,\"name\":\"Nanometale\"}]},{\"@type\":\"WebSite\",\"@id\":\"http:\/\/www.itp-system.pl\/#website\",\"url\":\"http:\/\/www.itp-system.pl\/\",\"name\":\"ITP-System\",\"description\":\"Centrum Innowacyjnych Technologii\",\"publisher\":{\"@id\":\"http:\/\/www.itp-system.pl\/#organization\"},\"potentialAction\":[{\"@type\":\"SearchAction\",\"target\":{\"@type\":\"EntryPoint\",\"urlTemplate\":\"http:\/\/www.itp-system.pl\/?s={search_term_string}\"},\"query-input\":{\"@type\":\"PropertyValueSpecification\",\"valueRequired\":true,\"valueName\":\"search_term_string\"}}],\"inLanguage\":\"pl-PL\"},{\"@type\":\"Organization\",\"@id\":\"http:\/\/www.itp-system.pl\/#organization\",\"name\":\"ITP-System Sp. z o.o.\",\"url\":\"http:\/\/www.itp-system.pl\/\",\"logo\":{\"@type\":\"ImageObject\",\"inLanguage\":\"pl-PL\",\"@id\":\"http:\/\/www.itp-system.pl\/#\/schema\/logo\/image\/\",\"url\":\"http:\/\/www.itp-system.pl\/wp-content\/uploads\/2021\/03\/cropped-UEEU.png\",\"contentUrl\":\"http:\/\/www.itp-system.pl\/wp-content\/uploads\/2021\/03\/cropped-UEEU.png\",\"width\":400,\"height\":100,\"caption\":\"ITP-System Sp. z o.o.\"},\"image\":{\"@id\":\"http:\/\/www.itp-system.pl\/#\/schema\/logo\/image\/\"}}]}<\/script>\n<!-- \/ Yoast SEO plugin. -->","yoast_head_json":{"title":"Nanometale - ITP-System","robots":{"index":"index","follow":"follow","max-snippet":"max-snippet:-1","max-image-preview":"max-image-preview:large","max-video-preview":"max-video-preview:-1"},"canonical":"http:\/\/www.itp-system.pl\/index.php\/ochrona-mikrobiologiczna\/","og_locale":"pl_PL","og_type":"article","og_title":"Nanometale - ITP-System","og_description":"Firma ITP-System w oparciu o w\u0142asne prace badawczo-rozwojowe opracowa\u0142a szereg innowacyjnych preparat\u00f3w w oparciu o technologi\u0119 nanometali. Preparaty na bazie nanosrebra, nanomiedzi, nanotlenku cynku, nanotlenku tytanu (IV) oraz ich kombinacje pozwalaj\u0105 uzyskiwa\u0107 produkty\u00a0 o niespotykanych w\u0142a\u015bciwo\u015bciach. Przeprowadzone przez nas badania wykaza\u0142y praktycznie zerow\u0105 migracj\u0119 nanododatk\u00f3w do \u015brodowiska, co oznacza \u017ce [&hellip;]","og_url":"http:\/\/www.itp-system.pl\/index.php\/ochrona-mikrobiologiczna\/","og_site_name":"ITP-System","article_modified_time":"2019-09-13T06:23:36+00:00","og_image":[{"width":1280,"height":859,"url":"http:\/\/www.itp-system.pl\/wp-content\/uploads\/2018\/06\/exper.jpg","type":"image\/jpeg"}],"twitter_card":"summary_large_image","schema":{"@context":"https:\/\/schema.org","@graph":[{"@type":"WebPage","@id":"http:\/\/www.itp-system.pl\/index.php\/ochrona-mikrobiologiczna\/","url":"http:\/\/www.itp-system.pl\/index.php\/ochrona-mikrobiologiczna\/","name":"Nanometale - ITP-System","isPartOf":{"@id":"http:\/\/www.itp-system.pl\/#website"},"primaryImageOfPage":{"@id":"http:\/\/www.itp-system.pl\/index.php\/ochrona-mikrobiologiczna\/#primaryimage"},"image":{"@id":"http:\/\/www.itp-system.pl\/index.php\/ochrona-mikrobiologiczna\/#primaryimage"},"thumbnailUrl":"http:\/\/www.itp-system.pl\/wp-content\/uploads\/2018\/06\/exper.jpg","datePublished":"2018-06-06T10:21:43+00:00","dateModified":"2019-09-13T06:23:36+00:00","breadcrumb":{"@id":"http:\/\/www.itp-system.pl\/index.php\/ochrona-mikrobiologiczna\/#breadcrumb"},"inLanguage":"pl-PL","potentialAction":[{"@type":"ReadAction","target":["http:\/\/www.itp-system.pl\/index.php\/ochrona-mikrobiologiczna\/"]}]},{"@type":"ImageObject","inLanguage":"pl-PL","@id":"http:\/\/www.itp-system.pl\/index.php\/ochrona-mikrobiologiczna\/#primaryimage","url":"http:\/\/www.itp-system.pl\/wp-content\/uploads\/2018\/06\/exper.jpg","contentUrl":"http:\/\/www.itp-system.pl\/wp-content\/uploads\/2018\/06\/exper.jpg","width":1280,"height":859},{"@type":"BreadcrumbList","@id":"http:\/\/www.itp-system.pl\/index.php\/ochrona-mikrobiologiczna\/#breadcrumb","itemListElement":[{"@type":"ListItem","position":1,"name":"Strona g\u0142\u00f3wna","item":"https:\/\/www.itp-system.pl\/"},{"@type":"ListItem","position":2,"name":"Nanometale"}]},{"@type":"WebSite","@id":"http:\/\/www.itp-system.pl\/#website","url":"http:\/\/www.itp-system.pl\/","name":"ITP-System","description":"Centrum Innowacyjnych Technologii","publisher":{"@id":"http:\/\/www.itp-system.pl\/#organization"},"potentialAction":[{"@type":"SearchAction","target":{"@type":"EntryPoint","urlTemplate":"http:\/\/www.itp-system.pl\/?s={search_term_string}"},"query-input":{"@type":"PropertyValueSpecification","valueRequired":true,"valueName":"search_term_string"}}],"inLanguage":"pl-PL"},{"@type":"Organization","@id":"http:\/\/www.itp-system.pl\/#organization","name":"ITP-System Sp. z o.o.","url":"http:\/\/www.itp-system.pl\/","logo":{"@type":"ImageObject","inLanguage":"pl-PL","@id":"http:\/\/www.itp-system.pl\/#\/schema\/logo\/image\/","url":"http:\/\/www.itp-system.pl\/wp-content\/uploads\/2021\/03\/cropped-UEEU.png","contentUrl":"http:\/\/www.itp-system.pl\/wp-content\/uploads\/2021\/03\/cropped-UEEU.png","width":400,"height":100,"caption":"ITP-System Sp. z o.o."},"image":{"@id":"http:\/\/www.itp-system.pl\/#\/schema\/logo\/image\/"}}]}},"_links":{"self":[{"href":"http:\/\/www.itp-system.pl\/index.php\/wp-json\/wp\/v2\/pages\/5985","targetHints":{"allow":["GET"]}}],"collection":[{"href":"http:\/\/www.itp-system.pl\/index.php\/wp-json\/wp\/v2\/pages"}],"about":[{"href":"http:\/\/www.itp-system.pl\/index.php\/wp-json\/wp\/v2\/types\/page"}],"author":[{"embeddable":true,"href":"http:\/\/www.itp-system.pl\/index.php\/wp-json\/wp\/v2\/users\/1"}],"replies":[{"embeddable":true,"href":"http:\/\/www.itp-system.pl\/index.php\/wp-json\/wp\/v2\/comments?post=5985"}],"version-history":[{"count":7,"href":"http:\/\/www.itp-system.pl\/index.php\/wp-json\/wp\/v2\/pages\/5985\/revisions"}],"predecessor-version":[{"id":6701,"href":"http:\/\/www.itp-system.pl\/index.php\/wp-json\/wp\/v2\/pages\/5985\/revisions\/6701"}],"wp:featuredmedia":[{"embeddable":true,"href":"http:\/\/www.itp-system.pl\/index.php\/wp-json\/wp\/v2\/media\/6238"}],"wp:attachment":[{"href":"http:\/\/www.itp-system.pl\/index.php\/wp-json\/wp\/v2\/media?parent=5985"}],"curies":[{"name":"wp","href":"https:\/\/api.w.org\/{rel}","templated":true}]}}