{"id":5864,"date":"2018-06-05T14:20:15","date_gmt":"2018-06-05T12:20:15","guid":{"rendered":"http:\/\/serwer1328948.home.pl\/itp\/?page_id=5864"},"modified":"2018-06-20T13:37:51","modified_gmt":"2018-06-20T11:37:51","slug":"o-firmie","status":"publish","type":"page","link":"https:\/\/www.itp-system.pl\/index.php\/o-firmie\/","title":{"rendered":"O firmie"},"content":{"rendered":"<h3 style=\"text-align: center;\" align=\"left\">ITP-SYSTEM SP. Z O.O.<\/h3>\n<p style=\"text-align: left;\" align=\"left\">Nasza pasja i wiedza pozwala dostarcza\u0107 naszym klientom innowacyjne i nowatorskie rozwi\u0105zania oparte o osi\u0105gni\u0119cia z zakresu nanotechnologii i in\u017cynierii materia\u0142owej. Nasze do\u015bwiadczenie we wdra\u017caniu nowoczesnych technologii pozwala nam zrozumie\u0107 potrzeby naszych partner\u00f3w, skoncentrowa\u0107 si\u0119 na wa\u017cnych dla nich sprawach i oferowa\u0107 im rozwi\u0105zania skrojone na miar\u0119 potrzeb. \u0141\u0105czymy najwy\u017csz\u0105 jako\u015b\u0107 oraz wsparcie we wdro\u017ceniu naszych technologii dzi\u0119ki czemu nasi partnerzy uzyskuj\u0105 produkty o nowych w\u0142a\u015bciwo\u015bciach i licznych przewagach konkurencyjnych.<\/p>\n<p style=\"text-align: left;\">\u00a0Dzia\u0142alno\u015b\u0107 naszej firmy koncentruje si\u0119 na syntezie nanozwi\u0105zk\u00f3w w postaciach odpowiadaj\u0105cych zapotrzebowaniu naszych partner\u00f3w oraz gotowych wyrob\u00f3w, funkcjonuj\u0105cych w oparciu o osi\u0105gni\u0119cia z zakresu nanotechnologii. Bazujemy na technologiach opracowanych w ca\u0142o\u015bci przez polskich naukowc\u00f3w. W naszej pracy skupiamy si\u0119 na zapewnieniu najwy\u017cszej jako\u015bci metodami, kt\u00f3re nie szkodz\u0105 \u015brodowisku naturalnemu.<\/p>\n<p style=\"text-align: left;\">D\u0105\u017cymy do umocnienia swojej pozycji na \u015bwiatowym rynku nanotechnologii, zapewniaj\u0105c wysokiej jako\u015bci us\u0142ugi przy utrzymaniu korzystnego stosunku do ceny. B\u0119d\u0105c \u015bwiadomi zagro\u017ce\u0144 zwi\u0105zanych z produkcj\u0105 \u015brodk\u00f3w chemicznych, d\u0105\u017cymy do zapewnienia bezpiecze\u0144stwa w obrocie nanozwi\u0105zkami oraz poprawy stanu \u015brodowiska. Zdajemy sobie spraw\u0119 \u017ce kapita\u0142 naszej firmy ukryty jest w oddanych i pe\u0142nych zaanga\u017cowania pracownikach, dlatego staramy si\u0119 zapewni\u0107 im warunki sprzyjaj\u0105ce rozwojowi zawodowemu i osobistemu.<\/p>\n<p style=\"text-align: left;\"><img loading=\"lazy\" decoding=\"async\" class=\"aligncenter size-large wp-image-6194\" src=\"http:\/\/serwer1328948.home.pl\/itp\/wp-content\/uploads\/2018\/06\/ac-1024x670.jpg\" alt=\"\" width=\"930\" height=\"608\" srcset=\"https:\/\/www.itp-system.pl\/wp-content\/uploads\/2018\/06\/ac-1024x670.jpg 1024w, https:\/\/www.itp-system.pl\/wp-content\/uploads\/2018\/06\/ac-300x196.jpg 300w, https:\/\/www.itp-system.pl\/wp-content\/uploads\/2018\/06\/ac-768x502.jpg 768w, https:\/\/www.itp-system.pl\/wp-content\/uploads\/2018\/06\/ac-84x55.jpg 84w, https:\/\/www.itp-system.pl\/wp-content\/uploads\/2018\/06\/ac-1000x654.jpg 1000w, https:\/\/www.itp-system.pl\/wp-content\/uploads\/2018\/06\/ac-600x392.jpg 600w, https:\/\/www.itp-system.pl\/wp-content\/uploads\/2018\/06\/ac-856x560.jpg 856w, https:\/\/www.itp-system.pl\/wp-content\/uploads\/2018\/06\/ac.jpg 1500w\" sizes=\"auto, (max-width: 930px) 100vw, 930px\" \/><\/p>\n","protected":false},"excerpt":{"rendered":"<p>ITP-SYSTEM SP. Z O.O. Nasza pasja i wiedza pozwala dostarcza\u0107 naszym klientom innowacyjne i nowatorskie rozwi\u0105zania oparte o osi\u0105gni\u0119cia z zakresu nanotechnologii i in\u017cynierii materia\u0142owej. Nasze do\u015bwiadczenie we wdra\u017caniu nowoczesnych technologii pozwala nam zrozumie\u0107 potrzeby naszych partner\u00f3w, skoncentrowa\u0107 si\u0119 na wa\u017cnych dla nich sprawach i oferowa\u0107 im rozwi\u0105zania skrojone na [&hellip;]<\/p>\n","protected":false},"author":1,"featured_media":6077,"parent":0,"menu_order":0,"comment_status":"closed","ping_status":"closed","template":"","meta":{"footnotes":""},"class_list":["post-5864","page","type-page","status-publish","has-post-thumbnail","hentry"],"yoast_head":"<!-- This site is optimized with the Yoast SEO plugin v25.5 - https:\/\/yoast.com\/wordpress\/plugins\/seo\/ -->\n<title>O firmie - ITP-System<\/title>\n<meta name=\"robots\" content=\"index, follow, max-snippet:-1, max-image-preview:large, max-video-preview:-1\" \/>\n<link rel=\"canonical\" href=\"https:\/\/www.itp-system.pl\/index.php\/o-firmie\/\" \/>\n<meta property=\"og:locale\" content=\"pl_PL\" \/>\n<meta property=\"og:type\" content=\"article\" \/>\n<meta property=\"og:title\" content=\"O firmie - ITP-System\" \/>\n<meta property=\"og:description\" content=\"ITP-SYSTEM SP. Z O.O. Nasza pasja i wiedza pozwala dostarcza\u0107 naszym klientom innowacyjne i nowatorskie rozwi\u0105zania oparte o osi\u0105gni\u0119cia z zakresu nanotechnologii i in\u017cynierii materia\u0142owej. Nasze do\u015bwiadczenie we wdra\u017caniu nowoczesnych technologii pozwala nam zrozumie\u0107 potrzeby naszych partner\u00f3w, skoncentrowa\u0107 si\u0119 na wa\u017cnych dla nich sprawach i oferowa\u0107 im rozwi\u0105zania skrojone na [&hellip;]\" \/>\n<meta property=\"og:url\" content=\"https:\/\/www.itp-system.pl\/index.php\/o-firmie\/\" \/>\n<meta property=\"og:site_name\" content=\"ITP-System\" \/>\n<meta property=\"article:modified_time\" content=\"2018-06-20T11:37:51+00:00\" \/>\n<meta property=\"og:image\" content=\"https:\/\/www.itp-system.pl\/wp-content\/uploads\/2018\/06\/firma.jpg\" \/>\n\t<meta property=\"og:image:width\" content=\"1500\" \/>\n\t<meta property=\"og:image:height\" content=\"735\" \/>\n\t<meta property=\"og:image:type\" content=\"image\/jpeg\" \/>\n<meta name=\"twitter:card\" content=\"summary_large_image\" \/>\n<meta name=\"twitter:label1\" content=\"Szacowany czas czytania\" \/>\n\t<meta name=\"twitter:data1\" content=\"1 minuta\" \/>\n<script type=\"application\/ld+json\" class=\"yoast-schema-graph\">{\"@context\":\"https:\/\/schema.org\",\"@graph\":[{\"@type\":\"WebPage\",\"@id\":\"https:\/\/www.itp-system.pl\/index.php\/o-firmie\/\",\"url\":\"https:\/\/www.itp-system.pl\/index.php\/o-firmie\/\",\"name\":\"O firmie - ITP-System\",\"isPartOf\":{\"@id\":\"https:\/\/www.itp-system.pl\/#website\"},\"primaryImageOfPage\":{\"@id\":\"https:\/\/www.itp-system.pl\/index.php\/o-firmie\/#primaryimage\"},\"image\":{\"@id\":\"https:\/\/www.itp-system.pl\/index.php\/o-firmie\/#primaryimage\"},\"thumbnailUrl\":\"https:\/\/www.itp-system.pl\/wp-content\/uploads\/2018\/06\/firma.jpg\",\"datePublished\":\"2018-06-05T12:20:15+00:00\",\"dateModified\":\"2018-06-20T11:37:51+00:00\",\"breadcrumb\":{\"@id\":\"https:\/\/www.itp-system.pl\/index.php\/o-firmie\/#breadcrumb\"},\"inLanguage\":\"pl-PL\",\"potentialAction\":[{\"@type\":\"ReadAction\",\"target\":[\"https:\/\/www.itp-system.pl\/index.php\/o-firmie\/\"]}]},{\"@type\":\"ImageObject\",\"inLanguage\":\"pl-PL\",\"@id\":\"https:\/\/www.itp-system.pl\/index.php\/o-firmie\/#primaryimage\",\"url\":\"https:\/\/www.itp-system.pl\/wp-content\/uploads\/2018\/06\/firma.jpg\",\"contentUrl\":\"https:\/\/www.itp-system.pl\/wp-content\/uploads\/2018\/06\/firma.jpg\",\"width\":1500,\"height\":735},{\"@type\":\"BreadcrumbList\",\"@id\":\"https:\/\/www.itp-system.pl\/index.php\/o-firmie\/#breadcrumb\",\"itemListElement\":[{\"@type\":\"ListItem\",\"position\":1,\"name\":\"Strona g\u0142\u00f3wna\",\"item\":\"https:\/\/www.itp-system.pl\/\"},{\"@type\":\"ListItem\",\"position\":2,\"name\":\"O firmie\"}]},{\"@type\":\"WebSite\",\"@id\":\"https:\/\/www.itp-system.pl\/#website\",\"url\":\"https:\/\/www.itp-system.pl\/\",\"name\":\"ITP-System\",\"description\":\"Centrum Innowacyjnych Technologii\",\"publisher\":{\"@id\":\"https:\/\/www.itp-system.pl\/#organization\"},\"potentialAction\":[{\"@type\":\"SearchAction\",\"target\":{\"@type\":\"EntryPoint\",\"urlTemplate\":\"https:\/\/www.itp-system.pl\/?s={search_term_string}\"},\"query-input\":{\"@type\":\"PropertyValueSpecification\",\"valueRequired\":true,\"valueName\":\"search_term_string\"}}],\"inLanguage\":\"pl-PL\"},{\"@type\":\"Organization\",\"@id\":\"https:\/\/www.itp-system.pl\/#organization\",\"name\":\"ITP-System Sp. z o.o.\",\"url\":\"https:\/\/www.itp-system.pl\/\",\"logo\":{\"@type\":\"ImageObject\",\"inLanguage\":\"pl-PL\",\"@id\":\"https:\/\/www.itp-system.pl\/#\/schema\/logo\/image\/\",\"url\":\"https:\/\/www.itp-system.pl\/wp-content\/uploads\/2021\/03\/cropped-UEEU.png\",\"contentUrl\":\"https:\/\/www.itp-system.pl\/wp-content\/uploads\/2021\/03\/cropped-UEEU.png\",\"width\":400,\"height\":100,\"caption\":\"ITP-System Sp. z o.o.\"},\"image\":{\"@id\":\"https:\/\/www.itp-system.pl\/#\/schema\/logo\/image\/\"}}]}<\/script>\n<!-- \/ Yoast SEO plugin. -->","yoast_head_json":{"title":"O firmie - ITP-System","robots":{"index":"index","follow":"follow","max-snippet":"max-snippet:-1","max-image-preview":"max-image-preview:large","max-video-preview":"max-video-preview:-1"},"canonical":"https:\/\/www.itp-system.pl\/index.php\/o-firmie\/","og_locale":"pl_PL","og_type":"article","og_title":"O firmie - ITP-System","og_description":"ITP-SYSTEM SP. Z O.O. Nasza pasja i wiedza pozwala dostarcza\u0107 naszym klientom innowacyjne i nowatorskie rozwi\u0105zania oparte o osi\u0105gni\u0119cia z zakresu nanotechnologii i in\u017cynierii materia\u0142owej. Nasze do\u015bwiadczenie we wdra\u017caniu nowoczesnych technologii pozwala nam zrozumie\u0107 potrzeby naszych partner\u00f3w, skoncentrowa\u0107 si\u0119 na wa\u017cnych dla nich sprawach i oferowa\u0107 im rozwi\u0105zania skrojone na [&hellip;]","og_url":"https:\/\/www.itp-system.pl\/index.php\/o-firmie\/","og_site_name":"ITP-System","article_modified_time":"2018-06-20T11:37:51+00:00","og_image":[{"width":1500,"height":735,"url":"https:\/\/www.itp-system.pl\/wp-content\/uploads\/2018\/06\/firma.jpg","type":"image\/jpeg"}],"twitter_card":"summary_large_image","twitter_misc":{"Szacowany czas czytania":"1 minuta"},"schema":{"@context":"https:\/\/schema.org","@graph":[{"@type":"WebPage","@id":"https:\/\/www.itp-system.pl\/index.php\/o-firmie\/","url":"https:\/\/www.itp-system.pl\/index.php\/o-firmie\/","name":"O firmie - ITP-System","isPartOf":{"@id":"https:\/\/www.itp-system.pl\/#website"},"primaryImageOfPage":{"@id":"https:\/\/www.itp-system.pl\/index.php\/o-firmie\/#primaryimage"},"image":{"@id":"https:\/\/www.itp-system.pl\/index.php\/o-firmie\/#primaryimage"},"thumbnailUrl":"https:\/\/www.itp-system.pl\/wp-content\/uploads\/2018\/06\/firma.jpg","datePublished":"2018-06-05T12:20:15+00:00","dateModified":"2018-06-20T11:37:51+00:00","breadcrumb":{"@id":"https:\/\/www.itp-system.pl\/index.php\/o-firmie\/#breadcrumb"},"inLanguage":"pl-PL","potentialAction":[{"@type":"ReadAction","target":["https:\/\/www.itp-system.pl\/index.php\/o-firmie\/"]}]},{"@type":"ImageObject","inLanguage":"pl-PL","@id":"https:\/\/www.itp-system.pl\/index.php\/o-firmie\/#primaryimage","url":"https:\/\/www.itp-system.pl\/wp-content\/uploads\/2018\/06\/firma.jpg","contentUrl":"https:\/\/www.itp-system.pl\/wp-content\/uploads\/2018\/06\/firma.jpg","width":1500,"height":735},{"@type":"BreadcrumbList","@id":"https:\/\/www.itp-system.pl\/index.php\/o-firmie\/#breadcrumb","itemListElement":[{"@type":"ListItem","position":1,"name":"Strona g\u0142\u00f3wna","item":"https:\/\/www.itp-system.pl\/"},{"@type":"ListItem","position":2,"name":"O firmie"}]},{"@type":"WebSite","@id":"https:\/\/www.itp-system.pl\/#website","url":"https:\/\/www.itp-system.pl\/","name":"ITP-System","description":"Centrum Innowacyjnych Technologii","publisher":{"@id":"https:\/\/www.itp-system.pl\/#organization"},"potentialAction":[{"@type":"SearchAction","target":{"@type":"EntryPoint","urlTemplate":"https:\/\/www.itp-system.pl\/?s={search_term_string}"},"query-input":{"@type":"PropertyValueSpecification","valueRequired":true,"valueName":"search_term_string"}}],"inLanguage":"pl-PL"},{"@type":"Organization","@id":"https:\/\/www.itp-system.pl\/#organization","name":"ITP-System Sp. z o.o.","url":"https:\/\/www.itp-system.pl\/","logo":{"@type":"ImageObject","inLanguage":"pl-PL","@id":"https:\/\/www.itp-system.pl\/#\/schema\/logo\/image\/","url":"https:\/\/www.itp-system.pl\/wp-content\/uploads\/2021\/03\/cropped-UEEU.png","contentUrl":"https:\/\/www.itp-system.pl\/wp-content\/uploads\/2021\/03\/cropped-UEEU.png","width":400,"height":100,"caption":"ITP-System Sp. z o.o."},"image":{"@id":"https:\/\/www.itp-system.pl\/#\/schema\/logo\/image\/"}}]}},"_links":{"self":[{"href":"https:\/\/www.itp-system.pl\/index.php\/wp-json\/wp\/v2\/pages\/5864","targetHints":{"allow":["GET"]}}],"collection":[{"href":"https:\/\/www.itp-system.pl\/index.php\/wp-json\/wp\/v2\/pages"}],"about":[{"href":"https:\/\/www.itp-system.pl\/index.php\/wp-json\/wp\/v2\/types\/page"}],"author":[{"embeddable":true,"href":"https:\/\/www.itp-system.pl\/index.php\/wp-json\/wp\/v2\/users\/1"}],"replies":[{"embeddable":true,"href":"https:\/\/www.itp-system.pl\/index.php\/wp-json\/wp\/v2\/comments?post=5864"}],"version-history":[{"count":5,"href":"https:\/\/www.itp-system.pl\/index.php\/wp-json\/wp\/v2\/pages\/5864\/revisions"}],"predecessor-version":[{"id":6200,"href":"https:\/\/www.itp-system.pl\/index.php\/wp-json\/wp\/v2\/pages\/5864\/revisions\/6200"}],"wp:featuredmedia":[{"embeddable":true,"href":"https:\/\/www.itp-system.pl\/index.php\/wp-json\/wp\/v2\/media\/6077"}],"wp:attachment":[{"href":"https:\/\/www.itp-system.pl\/index.php\/wp-json\/wp\/v2\/media?parent=5864"}],"curies":[{"name":"wp","href":"https:\/\/api.w.org\/{rel}","templated":true}]}}