{"id":5905,"date":"2018-06-06T12:07:02","date_gmt":"2018-06-06T10:07:02","guid":{"rendered":"http:\/\/serwer1328948.home.pl\/itp\/?page_id=5905"},"modified":"2018-06-20T13:35:48","modified_gmt":"2018-06-20T11:35:48","slug":"nanometale","status":"publish","type":"page","link":"https:\/\/www.itp-system.pl\/index.php\/nanometale\/","title":{"rendered":"Nanometale"},"content":{"rendered":"<p align=\"JUSTIFY\">Firma ITP-System specjalizuje si\u0119 w wytwarzaniu koloid\u00f3w metali. Kolid to rodzaj zawiesiny w kt\u00f3rej zawieszone cz\u0105steczki posiadaj\u0105 rozmiar nie przekraczaj\u0105cy 100 nm. Nanometale uzyskiwane w laboratorium ITP-System s\u0105 niejonowe, co oznacza \u017ce wyst\u0119puj\u0105 w formie czystego chemicznie metalu (nie jonu, tlenku, zwi\u0105zku czy kompleksu). Uzyskanie takiego efektu jest skomplikowane, dlatego wiele producent\u00f3w pr\u00f3buje zamaskowa\u0107 jonow\u0105 natur\u0119 swoich produkt\u00f3w. Czemu metale w wersji jonowej s\u0105 mniej po\u017c\u0105dane? Metale w wersji jonowej s\u0105 obdarzone \u0142adunkiem elektrycznym przez co wykazuj\u0105 gorsz\u0105 aktywno\u015b\u0107 przeciwdrobnoustrojow\u0105 (znacznie gorzej wnikaj\u0105 do kom\u00f3rek bakterii czy grzyb\u00f3w), s\u0105 bardziej podatne na chemiczn\u0105 inaktywacj\u0119 ze strony zwi\u0105zk\u00f3w chemicznych (str\u0105canie, kompleksowanie) oraz podatne na niekontrolowan\u0105 redukcj\u0119 np. pod wp\u0142ywem promieniowania UV. Szczeg\u00f3lnie widoczne jest to w przypadku srebra, kt\u00f3rego jonowa wersja ulega przebarwieniu i inaktywacji pod wp\u0142ywem promieniowania UV.<\/p>\n<p align=\"JUSTIFY\">Nasza firma specjalizuje si\u0119 g\u0142\u00f3wnie w syntezie nanocz\u0105steczek metalicznego srebra, miedzi i z\u0142ota.<\/p>\n<p align=\"JUSTIFY\">Nanocz\u0105steczki srebra cechuj\u0105 si\u0119 doskona\u0142ymi w\u0142a\u015bciwo\u015bciami przeciwdrobnoustrojowymi, skierowanymi g\u0142ownie przeciw bakteriom. Wi\u0119cej na ten temat mo\u017cna przeczyta\u0107 <a href=\"http:\/\/serwer1328948.home.pl\/itp\/index.php\/nanosrebro\/\">tutaj<\/a>.<\/p>\n<p align=\"JUSTIFY\">Nanocz\u0105steczki metalicznej miedzi charakteryzuj\u0105 si\u0119 doskona\u0142ymi w\u0142a\u015bciwo\u015bciami przeciwdrobnoustrojowymi, jednak ich skuteczno\u015b\u0107 przeciwbakteryjna jest nieco mniejsza ni\u017c nanocz\u0105steczek srebra, przewy\u017cszaj\u0105c jednocze\u015bnie w znacznym stopniu jego w\u0142a\u015bciwo\u015bci przeciwgrzybicze. Skutkuje to obszernym polem zastosowa\u0144 nanomiedzi w wielu produktach przemys\u0142owych.<\/p>\n<p align=\"JUSTIFY\">Nanomied\u017a wraz z nanosrebrem wykazuj\u0105 dzia\u0142anie niespecyficzne, co oznacza \u017ce w przeciwno\u015bci do tradycyjnych preparat\u00f3w biob\u00f3jczych kt\u00f3re s\u0105 toksyczne dla wy\u0142\u0105cznie dla wybranych grup mikoorganizm\u00f3w, nanometale dzia\u0142aj\u0105 na przedstawicieli r\u00f3\u017cnych grup. Dotyczy to r\u00f3wnie\u017c szczep\u00f3w kt\u00f3re uodporni\u0142y si\u0119 na \u015brodki biob\u00f3jcze.<\/p>\n<p align=\"JUSTIFY\">Niewielkie rozmiary nanocz\u0105steczek miedzi oraz ich aktywno\u015b\u0107 ju\u017c przy niewielkich st\u0119\u017ceniach pozwala na wprowadzanie ich do wielu produkt\u00f3w przemys\u0142owych, bez drastycznych interwencji w proces produkcyjny.<\/p>\n<p align=\"JUSTIFY\"><img loading=\"lazy\" decoding=\"async\" class=\"aligncenter size-full wp-image-6120\" src=\"http:\/\/serwer1328948.home.pl\/itp\/wp-content\/uploads\/2018\/06\/ns2.jpg\" alt=\"\" width=\"626\" height=\"417\" srcset=\"https:\/\/www.itp-system.pl\/wp-content\/uploads\/2018\/06\/ns2.jpg 626w, https:\/\/www.itp-system.pl\/wp-content\/uploads\/2018\/06\/ns2-300x200.jpg 300w, https:\/\/www.itp-system.pl\/wp-content\/uploads\/2018\/06\/ns2-83x55.jpg 83w, https:\/\/www.itp-system.pl\/wp-content\/uploads\/2018\/06\/ns2-600x400.jpg 600w\" sizes=\"auto, (max-width: 626px) 100vw, 626px\" \/><\/p>\n","protected":false},"excerpt":{"rendered":"<p>Firma ITP-System specjalizuje si\u0119 w wytwarzaniu koloid\u00f3w metali. Kolid to rodzaj zawiesiny w kt\u00f3rej zawieszone cz\u0105steczki posiadaj\u0105 rozmiar nie przekraczaj\u0105cy 100 nm. Nanometale uzyskiwane w laboratorium ITP-System s\u0105 niejonowe, co oznacza \u017ce wyst\u0119puj\u0105 w formie czystego chemicznie metalu (nie jonu, tlenku, zwi\u0105zku czy kompleksu). Uzyskanie takiego efektu jest skomplikowane, dlatego [&hellip;]<\/p>\n","protected":false},"author":1,"featured_media":6133,"parent":0,"menu_order":0,"comment_status":"closed","ping_status":"closed","template":"","meta":{"footnotes":""},"class_list":["post-5905","page","type-page","status-publish","has-post-thumbnail","hentry"],"yoast_head":"<!-- This site is optimized with the Yoast SEO plugin v25.5 - https:\/\/yoast.com\/wordpress\/plugins\/seo\/ -->\n<title>Nanometale - ITP-System<\/title>\n<meta name=\"robots\" content=\"index, follow, max-snippet:-1, max-image-preview:large, max-video-preview:-1\" \/>\n<link rel=\"canonical\" href=\"https:\/\/www.itp-system.pl\/index.php\/nanometale\/\" \/>\n<meta property=\"og:locale\" content=\"pl_PL\" \/>\n<meta property=\"og:type\" content=\"article\" \/>\n<meta property=\"og:title\" content=\"Nanometale - ITP-System\" \/>\n<meta property=\"og:description\" content=\"Firma ITP-System specjalizuje si\u0119 w wytwarzaniu koloid\u00f3w metali. Kolid to rodzaj zawiesiny w kt\u00f3rej zawieszone cz\u0105steczki posiadaj\u0105 rozmiar nie przekraczaj\u0105cy 100 nm. Nanometale uzyskiwane w laboratorium ITP-System s\u0105 niejonowe, co oznacza \u017ce wyst\u0119puj\u0105 w formie czystego chemicznie metalu (nie jonu, tlenku, zwi\u0105zku czy kompleksu). Uzyskanie takiego efektu jest skomplikowane, dlatego [&hellip;]\" \/>\n<meta property=\"og:url\" content=\"https:\/\/www.itp-system.pl\/index.php\/nanometale\/\" \/>\n<meta property=\"og:site_name\" content=\"ITP-System\" \/>\n<meta property=\"article:modified_time\" content=\"2018-06-20T11:35:48+00:00\" \/>\n<meta property=\"og:image\" content=\"https:\/\/www.itp-system.pl\/wp-content\/uploads\/2018\/06\/nm.jpg\" \/>\n\t<meta property=\"og:image:width\" content=\"1280\" \/>\n\t<meta property=\"og:image:height\" content=\"720\" \/>\n\t<meta property=\"og:image:type\" content=\"image\/jpeg\" \/>\n<meta name=\"twitter:card\" content=\"summary_large_image\" \/>\n<meta name=\"twitter:label1\" content=\"Szacowany czas czytania\" \/>\n\t<meta name=\"twitter:data1\" content=\"2 minuty\" \/>\n<script type=\"application\/ld+json\" class=\"yoast-schema-graph\">{\"@context\":\"https:\/\/schema.org\",\"@graph\":[{\"@type\":\"WebPage\",\"@id\":\"https:\/\/www.itp-system.pl\/index.php\/nanometale\/\",\"url\":\"https:\/\/www.itp-system.pl\/index.php\/nanometale\/\",\"name\":\"Nanometale - ITP-System\",\"isPartOf\":{\"@id\":\"https:\/\/www.itp-system.pl\/#website\"},\"primaryImageOfPage\":{\"@id\":\"https:\/\/www.itp-system.pl\/index.php\/nanometale\/#primaryimage\"},\"image\":{\"@id\":\"https:\/\/www.itp-system.pl\/index.php\/nanometale\/#primaryimage\"},\"thumbnailUrl\":\"https:\/\/www.itp-system.pl\/wp-content\/uploads\/2018\/06\/nm.jpg\",\"datePublished\":\"2018-06-06T10:07:02+00:00\",\"dateModified\":\"2018-06-20T11:35:48+00:00\",\"breadcrumb\":{\"@id\":\"https:\/\/www.itp-system.pl\/index.php\/nanometale\/#breadcrumb\"},\"inLanguage\":\"pl-PL\",\"potentialAction\":[{\"@type\":\"ReadAction\",\"target\":[\"https:\/\/www.itp-system.pl\/index.php\/nanometale\/\"]}]},{\"@type\":\"ImageObject\",\"inLanguage\":\"pl-PL\",\"@id\":\"https:\/\/www.itp-system.pl\/index.php\/nanometale\/#primaryimage\",\"url\":\"https:\/\/www.itp-system.pl\/wp-content\/uploads\/2018\/06\/nm.jpg\",\"contentUrl\":\"https:\/\/www.itp-system.pl\/wp-content\/uploads\/2018\/06\/nm.jpg\",\"width\":1280,\"height\":720},{\"@type\":\"BreadcrumbList\",\"@id\":\"https:\/\/www.itp-system.pl\/index.php\/nanometale\/#breadcrumb\",\"itemListElement\":[{\"@type\":\"ListItem\",\"position\":1,\"name\":\"Strona g\u0142\u00f3wna\",\"item\":\"https:\/\/www.itp-system.pl\/\"},{\"@type\":\"ListItem\",\"position\":2,\"name\":\"Nanometale\"}]},{\"@type\":\"WebSite\",\"@id\":\"https:\/\/www.itp-system.pl\/#website\",\"url\":\"https:\/\/www.itp-system.pl\/\",\"name\":\"ITP-System\",\"description\":\"Centrum Innowacyjnych Technologii\",\"publisher\":{\"@id\":\"https:\/\/www.itp-system.pl\/#organization\"},\"potentialAction\":[{\"@type\":\"SearchAction\",\"target\":{\"@type\":\"EntryPoint\",\"urlTemplate\":\"https:\/\/www.itp-system.pl\/?s={search_term_string}\"},\"query-input\":{\"@type\":\"PropertyValueSpecification\",\"valueRequired\":true,\"valueName\":\"search_term_string\"}}],\"inLanguage\":\"pl-PL\"},{\"@type\":\"Organization\",\"@id\":\"https:\/\/www.itp-system.pl\/#organization\",\"name\":\"ITP-System Sp. z o.o.\",\"url\":\"https:\/\/www.itp-system.pl\/\",\"logo\":{\"@type\":\"ImageObject\",\"inLanguage\":\"pl-PL\",\"@id\":\"https:\/\/www.itp-system.pl\/#\/schema\/logo\/image\/\",\"url\":\"https:\/\/www.itp-system.pl\/wp-content\/uploads\/2021\/03\/cropped-UEEU.png\",\"contentUrl\":\"https:\/\/www.itp-system.pl\/wp-content\/uploads\/2021\/03\/cropped-UEEU.png\",\"width\":400,\"height\":100,\"caption\":\"ITP-System Sp. z o.o.\"},\"image\":{\"@id\":\"https:\/\/www.itp-system.pl\/#\/schema\/logo\/image\/\"}}]}<\/script>\n<!-- \/ Yoast SEO plugin. -->","yoast_head_json":{"title":"Nanometale - ITP-System","robots":{"index":"index","follow":"follow","max-snippet":"max-snippet:-1","max-image-preview":"max-image-preview:large","max-video-preview":"max-video-preview:-1"},"canonical":"https:\/\/www.itp-system.pl\/index.php\/nanometale\/","og_locale":"pl_PL","og_type":"article","og_title":"Nanometale - ITP-System","og_description":"Firma ITP-System specjalizuje si\u0119 w wytwarzaniu koloid\u00f3w metali. Kolid to rodzaj zawiesiny w kt\u00f3rej zawieszone cz\u0105steczki posiadaj\u0105 rozmiar nie przekraczaj\u0105cy 100 nm. Nanometale uzyskiwane w laboratorium ITP-System s\u0105 niejonowe, co oznacza \u017ce wyst\u0119puj\u0105 w formie czystego chemicznie metalu (nie jonu, tlenku, zwi\u0105zku czy kompleksu). Uzyskanie takiego efektu jest skomplikowane, dlatego [&hellip;]","og_url":"https:\/\/www.itp-system.pl\/index.php\/nanometale\/","og_site_name":"ITP-System","article_modified_time":"2018-06-20T11:35:48+00:00","og_image":[{"width":1280,"height":720,"url":"https:\/\/www.itp-system.pl\/wp-content\/uploads\/2018\/06\/nm.jpg","type":"image\/jpeg"}],"twitter_card":"summary_large_image","twitter_misc":{"Szacowany czas czytania":"2 minuty"},"schema":{"@context":"https:\/\/schema.org","@graph":[{"@type":"WebPage","@id":"https:\/\/www.itp-system.pl\/index.php\/nanometale\/","url":"https:\/\/www.itp-system.pl\/index.php\/nanometale\/","name":"Nanometale - ITP-System","isPartOf":{"@id":"https:\/\/www.itp-system.pl\/#website"},"primaryImageOfPage":{"@id":"https:\/\/www.itp-system.pl\/index.php\/nanometale\/#primaryimage"},"image":{"@id":"https:\/\/www.itp-system.pl\/index.php\/nanometale\/#primaryimage"},"thumbnailUrl":"https:\/\/www.itp-system.pl\/wp-content\/uploads\/2018\/06\/nm.jpg","datePublished":"2018-06-06T10:07:02+00:00","dateModified":"2018-06-20T11:35:48+00:00","breadcrumb":{"@id":"https:\/\/www.itp-system.pl\/index.php\/nanometale\/#breadcrumb"},"inLanguage":"pl-PL","potentialAction":[{"@type":"ReadAction","target":["https:\/\/www.itp-system.pl\/index.php\/nanometale\/"]}]},{"@type":"ImageObject","inLanguage":"pl-PL","@id":"https:\/\/www.itp-system.pl\/index.php\/nanometale\/#primaryimage","url":"https:\/\/www.itp-system.pl\/wp-content\/uploads\/2018\/06\/nm.jpg","contentUrl":"https:\/\/www.itp-system.pl\/wp-content\/uploads\/2018\/06\/nm.jpg","width":1280,"height":720},{"@type":"BreadcrumbList","@id":"https:\/\/www.itp-system.pl\/index.php\/nanometale\/#breadcrumb","itemListElement":[{"@type":"ListItem","position":1,"name":"Strona g\u0142\u00f3wna","item":"https:\/\/www.itp-system.pl\/"},{"@type":"ListItem","position":2,"name":"Nanometale"}]},{"@type":"WebSite","@id":"https:\/\/www.itp-system.pl\/#website","url":"https:\/\/www.itp-system.pl\/","name":"ITP-System","description":"Centrum Innowacyjnych Technologii","publisher":{"@id":"https:\/\/www.itp-system.pl\/#organization"},"potentialAction":[{"@type":"SearchAction","target":{"@type":"EntryPoint","urlTemplate":"https:\/\/www.itp-system.pl\/?s={search_term_string}"},"query-input":{"@type":"PropertyValueSpecification","valueRequired":true,"valueName":"search_term_string"}}],"inLanguage":"pl-PL"},{"@type":"Organization","@id":"https:\/\/www.itp-system.pl\/#organization","name":"ITP-System Sp. z o.o.","url":"https:\/\/www.itp-system.pl\/","logo":{"@type":"ImageObject","inLanguage":"pl-PL","@id":"https:\/\/www.itp-system.pl\/#\/schema\/logo\/image\/","url":"https:\/\/www.itp-system.pl\/wp-content\/uploads\/2021\/03\/cropped-UEEU.png","contentUrl":"https:\/\/www.itp-system.pl\/wp-content\/uploads\/2021\/03\/cropped-UEEU.png","width":400,"height":100,"caption":"ITP-System Sp. z o.o."},"image":{"@id":"https:\/\/www.itp-system.pl\/#\/schema\/logo\/image\/"}}]}},"_links":{"self":[{"href":"https:\/\/www.itp-system.pl\/index.php\/wp-json\/wp\/v2\/pages\/5905","targetHints":{"allow":["GET"]}}],"collection":[{"href":"https:\/\/www.itp-system.pl\/index.php\/wp-json\/wp\/v2\/pages"}],"about":[{"href":"https:\/\/www.itp-system.pl\/index.php\/wp-json\/wp\/v2\/types\/page"}],"author":[{"embeddable":true,"href":"https:\/\/www.itp-system.pl\/index.php\/wp-json\/wp\/v2\/users\/1"}],"replies":[{"embeddable":true,"href":"https:\/\/www.itp-system.pl\/index.php\/wp-json\/wp\/v2\/comments?post=5905"}],"version-history":[{"count":4,"href":"https:\/\/www.itp-system.pl\/index.php\/wp-json\/wp\/v2\/pages\/5905\/revisions"}],"predecessor-version":[{"id":6135,"href":"https:\/\/www.itp-system.pl\/index.php\/wp-json\/wp\/v2\/pages\/5905\/revisions\/6135"}],"wp:featuredmedia":[{"embeddable":true,"href":"https:\/\/www.itp-system.pl\/index.php\/wp-json\/wp\/v2\/media\/6133"}],"wp:attachment":[{"href":"https:\/\/www.itp-system.pl\/index.php\/wp-json\/wp\/v2\/media?parent=5905"}],"curies":[{"name":"wp","href":"https:\/\/api.w.org\/{rel}","templated":true}]}}