{"id":5943,"date":"2018-06-06T12:12:53","date_gmt":"2018-06-06T10:12:53","guid":{"rendered":"http:\/\/serwer1328948.home.pl\/itp\/?page_id=5943"},"modified":"2018-06-20T13:51:28","modified_gmt":"2018-06-20T11:51:28","slug":"powloki-hydrofobowe","status":"publish","type":"page","link":"https:\/\/www.itp-system.pl\/index.php\/powloki-hydrofobowe\/","title":{"rendered":"Pow\u0142oki hydrofobowe"},"content":{"rendered":"<p align=\"JUSTIFY\">Nanocz\u0105steczki w preparatach ITP-System s\u0105 mniejsze ni\u017c pory w chronionych materia\u0142ach. Dzi\u0119ki temu g\u0142\u0119boko penetruj\u0105 pod\u0142o\u017ce i trwale si\u0119 z nim wi\u0105\u017c\u0105. Tworz\u0105 silnie hydrofobow\u0105 warstw\u0119, zapobiegaj\u0105c\u0105 wnikaniu wody i rozpuszczalnych soli, pozwalaj\u0105c\u0105 jednak na przenikanie pary i innych gaz\u00f3w. Dzi\u0119ki temu pod\u0142o\u017ce ma mo\u017cliwo\u015b\u0107 \u201eoddychania\u201d.<\/p>\n<p align=\"JUSTIFY\">Impregnaty ITP-System zapobiegaj\u0105 wnikaniu wody do pod\u0142o\u017ca, s\u0105 paroprzepuszczalne i odporne na promieniowanie UV, zadrapania a tak\u017ce na znacz\u0105ce r\u00f3\u017cnice temperatur.<\/p>\n<p align=\"JUSTIFY\">Preparaty hydrofobizuj\u0105ce ITP-System zosta\u0142y opracowane w g\u0142\u00f3wnej mierze na bazie wody, aby ograniczy\u0107 negatywny wp\u0142yw lotnych zwi\u0105zk\u00f3w organicznych (VOC) na \u015brodowisko naturalne. Ograniczenie konieczno\u015bci cz\u0119stego czyszczenia zabezpieczonych powierzchni, oraz bezpieczne metody syntezy stosowanych przez nas preparat\u00f3w pozwalaj\u0105 nam w\u0142\u0105czy\u0107 si\u0119 w globalny ruch d\u0105\u017c\u0105cy do ochrony \u015brodowiska naturalnego.<\/p>\n<p align=\"JUSTIFY\"><strong><a href=\"http:\/\/www.itp-system.pl\/index.php\/katalogi\/\">Wi\u0119cej informacji znajdziecie w naszych prezentacjach i katalogach!<\/a><\/strong><\/p>\n<p align=\"JUSTIFY\">\n<table id=\"tablepress-13\" class=\"tablepress tablepress-id-13 tablepress-responsive\">\n<thead>\n<tr class=\"row-1\">\n\t<th class=\"column-1\"><strong>Nazwa produktu<\/strong><\/th><th class=\"column-2\">Zastosowanie<\/th><th class=\"column-3\">Uwagi<\/th>\n<\/tr>\n<\/thead>\n<tbody class=\"row-striping row-hover\">\n<tr class=\"row-2\">\n\t<td class=\"column-1\"><strong>ANTIFOG<\/strong><\/td><td class=\"column-2\">Pow\u0142oka ograniczaj\u0105ca kondensacj\u0119 pary na lustrach i szybach<\/td><td class=\"column-3\"><\/td>\n<\/tr>\n<tr class=\"row-3\">\n\t<td class=\"column-1\"><strong>CRYSTAL<\/strong><\/td><td class=\"column-2\">Ekologiczna pow\u0142oka hydrofobowa do szyb<\/td><td class=\"column-3\">Produkt na bazie wodnej<\/td>\n<\/tr>\n<tr class=\"row-4\">\n\t<td class=\"column-1\"><strong>GLOSS<\/strong><\/td><td class=\"column-2\">Satynowy impregnat do wewn\u0119trznych element\u00f3w plastikowych<\/td><td class=\"column-3\"><\/td>\n<\/tr>\n<tr class=\"row-5\">\n\t<td class=\"column-1\"><strong>GRANITE<\/strong><\/td><td class=\"column-2\">Uniwersalny, olejowy impregnat do powierzchni g\u0142adkich<\/td><td class=\"column-3\"><\/td>\n<\/tr>\n<tr class=\"row-6\">\n\t<td class=\"column-1\"><strong>GRANITE PRO<\/strong><\/td><td class=\"column-2\">Uniwersalny, olejowy impregnat do powierzchni g\u0142adkich o przed\u0142u\u017conej trwa\u0142o\u015bci i silnym efekcie hydrofobowym<\/td><td class=\"column-3\"><\/td>\n<\/tr>\n<tr class=\"row-7\">\n\t<td class=\"column-1\"><strong>LEATHER<\/strong><\/td><td class=\"column-2\">Pow\u0142oka hydrofobowa do sk\u00f3ry licowanej, nubuku i zamszu<\/td><td class=\"column-3\"><\/td>\n<\/tr>\n<tr class=\"row-8\">\n\t<td class=\"column-1\"><strong>OBSIDIAN MP<\/strong><\/td><td class=\"column-2\">Pow\u0142oka ceramiczna o wysokiej trwa\u0142o\u015bci do element\u00f3w metalowych<\/td><td class=\"column-3\">Ceramizuje w ci\u0105gu 16h daj\u0105c pow\u0142ok\u0119 kwarcow\u0105<\/td>\n<\/tr>\n<tr class=\"row-9\">\n\t<td class=\"column-1\"><strong>ONYX<\/strong><\/td><td class=\"column-2\">Trwa\u0142a pow\u0142oka hydrofobowa i oleofobowa do szk\u0142a i ceramiki szkliwionej<\/td><td class=\"column-3\">Pow\u0142oka odporna na wysok\u0105 temperatur\u0119 i zdzieranie oraz ograniczaj\u0105ca pozostawianie odcisk\u00f3w palc\u00f3w<\/td>\n<\/tr>\n<tr class=\"row-10\">\n\t<td class=\"column-1\"><strong>ROCKSIL<\/strong><\/td><td class=\"column-2\">Pow\u0142oka hydrofobowa do powierzchni mineralnych o wybitnej trwa\u0142o\u015bci<\/td><td class=\"column-3\">Trwa\u0142o\u015b\u0107 min. 6 lat<\/td>\n<\/tr>\n<tr class=\"row-11\">\n\t<td class=\"column-1\"><strong>ROCKSIL CE<\/strong><\/td><td class=\"column-2\">Pow\u0142oka hydrofobowa do powierzchni mineralnych z efektem przyciemnienia<\/td><td class=\"column-3\"><\/td>\n<\/tr>\n<tr class=\"row-12\">\n\t<td class=\"column-1\"><strong>TITAN<\/strong><\/td><td class=\"column-2\">Pow\u0142oka hydrofobowa do powierzchni metalowych i plastikowych<\/td><td class=\"column-3\"><\/td>\n<\/tr>\n<tr class=\"row-13\">\n\t<td class=\"column-1\"><strong>VELVET<\/strong><\/td><td class=\"column-2\">Pow\u0142oka hydrofobowa do tkanin<\/td><td class=\"column-3\">Wersja do nanoszenia natryskowego<\/td>\n<\/tr>\n<tr class=\"row-14\">\n\t<td class=\"column-1\"><strong>VELVET ULTRA<\/strong><\/td><td class=\"column-2\">Pow\u0142oka hydrofobowa i oleofobowa do tkanin o wybitnej trwa\u0142o\u015bci<\/td><td class=\"column-3\">Wersja do aktywacji termicznej<\/td>\n<\/tr>\n<tr class=\"row-15\">\n\t<td class=\"column-1\"><strong>VINYL<\/strong><\/td><td class=\"column-2\">Impregnat do plastik\u00f3w zewn\u0119trznych<\/td><td class=\"column-3\"><\/td>\n<\/tr>\n<tr class=\"row-16\">\n\t<td class=\"column-1\"><strong>WOODSIL PRO<\/strong><\/td><td class=\"column-2\">Pow\u0142oka hydrofobowa do drewna surowego o wybitnej trwa\u0142o\u015bci<\/td><td class=\"column-3\">Pe\u0142na aktywacja w przeci\u0105gu 3 tygodni <\/td>\n<\/tr>\n<\/tbody>\n<\/table>\n<\/p>\n","protected":false},"excerpt":{"rendered":"<p>Nanocz\u0105steczki w preparatach ITP-System s\u0105 mniejsze ni\u017c pory w chronionych materia\u0142ach. Dzi\u0119ki temu g\u0142\u0119boko penetruj\u0105 pod\u0142o\u017ce i trwale si\u0119 z nim wi\u0105\u017c\u0105. Tworz\u0105 silnie hydrofobow\u0105 warstw\u0119, zapobiegaj\u0105c\u0105 wnikaniu wody i rozpuszczalnych soli, pozwalaj\u0105c\u0105 jednak na przenikanie pary i innych gaz\u00f3w. Dzi\u0119ki temu pod\u0142o\u017ce ma mo\u017cliwo\u015b\u0107 \u201eoddychania\u201d. Impregnaty ITP-System zapobiegaj\u0105 wnikaniu [&hellip;]<\/p>\n","protected":false},"author":1,"featured_media":6303,"parent":0,"menu_order":0,"comment_status":"closed","ping_status":"closed","template":"","meta":{"footnotes":""},"class_list":["post-5943","page","type-page","status-publish","has-post-thumbnail","hentry"],"yoast_head":"<!-- This site is optimized with the Yoast SEO plugin v25.5 - https:\/\/yoast.com\/wordpress\/plugins\/seo\/ -->\n<title>Pow\u0142oki hydrofobowe - ITP-System<\/title>\n<meta name=\"robots\" content=\"index, follow, max-snippet:-1, max-image-preview:large, max-video-preview:-1\" \/>\n<link rel=\"canonical\" href=\"https:\/\/www.itp-system.pl\/index.php\/powloki-hydrofobowe\/\" \/>\n<meta property=\"og:locale\" content=\"pl_PL\" \/>\n<meta property=\"og:type\" content=\"article\" \/>\n<meta property=\"og:title\" content=\"Pow\u0142oki hydrofobowe - ITP-System\" \/>\n<meta property=\"og:description\" content=\"Nanocz\u0105steczki w preparatach ITP-System s\u0105 mniejsze ni\u017c pory w chronionych materia\u0142ach. Dzi\u0119ki temu g\u0142\u0119boko penetruj\u0105 pod\u0142o\u017ce i trwale si\u0119 z nim wi\u0105\u017c\u0105. Tworz\u0105 silnie hydrofobow\u0105 warstw\u0119, zapobiegaj\u0105c\u0105 wnikaniu wody i rozpuszczalnych soli, pozwalaj\u0105c\u0105 jednak na przenikanie pary i innych gaz\u00f3w. Dzi\u0119ki temu pod\u0142o\u017ce ma mo\u017cliwo\u015b\u0107 \u201eoddychania\u201d. Impregnaty ITP-System zapobiegaj\u0105 wnikaniu [&hellip;]\" \/>\n<meta property=\"og:url\" content=\"https:\/\/www.itp-system.pl\/index.php\/powloki-hydrofobowe\/\" \/>\n<meta property=\"og:site_name\" content=\"ITP-System\" \/>\n<meta property=\"article:modified_time\" content=\"2018-06-20T11:51:28+00:00\" \/>\n<meta property=\"og:image\" content=\"https:\/\/www.itp-system.pl\/wp-content\/uploads\/2018\/06\/hf34.jpg\" \/>\n\t<meta property=\"og:image:width\" content=\"1500\" \/>\n\t<meta property=\"og:image:height\" content=\"752\" \/>\n\t<meta property=\"og:image:type\" content=\"image\/jpeg\" \/>\n<meta name=\"twitter:card\" content=\"summary_large_image\" \/>\n<meta name=\"twitter:label1\" content=\"Szacowany czas czytania\" \/>\n\t<meta name=\"twitter:data1\" content=\"1 minuta\" \/>\n<script type=\"application\/ld+json\" class=\"yoast-schema-graph\">{\"@context\":\"https:\/\/schema.org\",\"@graph\":[{\"@type\":\"WebPage\",\"@id\":\"https:\/\/www.itp-system.pl\/index.php\/powloki-hydrofobowe\/\",\"url\":\"https:\/\/www.itp-system.pl\/index.php\/powloki-hydrofobowe\/\",\"name\":\"Pow\u0142oki hydrofobowe - ITP-System\",\"isPartOf\":{\"@id\":\"https:\/\/www.itp-system.pl\/#website\"},\"primaryImageOfPage\":{\"@id\":\"https:\/\/www.itp-system.pl\/index.php\/powloki-hydrofobowe\/#primaryimage\"},\"image\":{\"@id\":\"https:\/\/www.itp-system.pl\/index.php\/powloki-hydrofobowe\/#primaryimage\"},\"thumbnailUrl\":\"https:\/\/www.itp-system.pl\/wp-content\/uploads\/2018\/06\/hf34.jpg\",\"datePublished\":\"2018-06-06T10:12:53+00:00\",\"dateModified\":\"2018-06-20T11:51:28+00:00\",\"breadcrumb\":{\"@id\":\"https:\/\/www.itp-system.pl\/index.php\/powloki-hydrofobowe\/#breadcrumb\"},\"inLanguage\":\"pl-PL\",\"potentialAction\":[{\"@type\":\"ReadAction\",\"target\":[\"https:\/\/www.itp-system.pl\/index.php\/powloki-hydrofobowe\/\"]}]},{\"@type\":\"ImageObject\",\"inLanguage\":\"pl-PL\",\"@id\":\"https:\/\/www.itp-system.pl\/index.php\/powloki-hydrofobowe\/#primaryimage\",\"url\":\"https:\/\/www.itp-system.pl\/wp-content\/uploads\/2018\/06\/hf34.jpg\",\"contentUrl\":\"https:\/\/www.itp-system.pl\/wp-content\/uploads\/2018\/06\/hf34.jpg\",\"width\":1500,\"height\":752},{\"@type\":\"BreadcrumbList\",\"@id\":\"https:\/\/www.itp-system.pl\/index.php\/powloki-hydrofobowe\/#breadcrumb\",\"itemListElement\":[{\"@type\":\"ListItem\",\"position\":1,\"name\":\"Strona g\u0142\u00f3wna\",\"item\":\"https:\/\/www.itp-system.pl\/\"},{\"@type\":\"ListItem\",\"position\":2,\"name\":\"Pow\u0142oki hydrofobowe\"}]},{\"@type\":\"WebSite\",\"@id\":\"https:\/\/www.itp-system.pl\/#website\",\"url\":\"https:\/\/www.itp-system.pl\/\",\"name\":\"ITP-System\",\"description\":\"Centrum Innowacyjnych Technologii\",\"publisher\":{\"@id\":\"https:\/\/www.itp-system.pl\/#organization\"},\"potentialAction\":[{\"@type\":\"SearchAction\",\"target\":{\"@type\":\"EntryPoint\",\"urlTemplate\":\"https:\/\/www.itp-system.pl\/?s={search_term_string}\"},\"query-input\":{\"@type\":\"PropertyValueSpecification\",\"valueRequired\":true,\"valueName\":\"search_term_string\"}}],\"inLanguage\":\"pl-PL\"},{\"@type\":\"Organization\",\"@id\":\"https:\/\/www.itp-system.pl\/#organization\",\"name\":\"ITP-System Sp. z o.o.\",\"url\":\"https:\/\/www.itp-system.pl\/\",\"logo\":{\"@type\":\"ImageObject\",\"inLanguage\":\"pl-PL\",\"@id\":\"https:\/\/www.itp-system.pl\/#\/schema\/logo\/image\/\",\"url\":\"https:\/\/www.itp-system.pl\/wp-content\/uploads\/2021\/03\/cropped-UEEU.png\",\"contentUrl\":\"https:\/\/www.itp-system.pl\/wp-content\/uploads\/2021\/03\/cropped-UEEU.png\",\"width\":400,\"height\":100,\"caption\":\"ITP-System Sp. z o.o.\"},\"image\":{\"@id\":\"https:\/\/www.itp-system.pl\/#\/schema\/logo\/image\/\"}}]}<\/script>\n<!-- \/ Yoast SEO plugin. -->","yoast_head_json":{"title":"Pow\u0142oki hydrofobowe - ITP-System","robots":{"index":"index","follow":"follow","max-snippet":"max-snippet:-1","max-image-preview":"max-image-preview:large","max-video-preview":"max-video-preview:-1"},"canonical":"https:\/\/www.itp-system.pl\/index.php\/powloki-hydrofobowe\/","og_locale":"pl_PL","og_type":"article","og_title":"Pow\u0142oki hydrofobowe - ITP-System","og_description":"Nanocz\u0105steczki w preparatach ITP-System s\u0105 mniejsze ni\u017c pory w chronionych materia\u0142ach. Dzi\u0119ki temu g\u0142\u0119boko penetruj\u0105 pod\u0142o\u017ce i trwale si\u0119 z nim wi\u0105\u017c\u0105. Tworz\u0105 silnie hydrofobow\u0105 warstw\u0119, zapobiegaj\u0105c\u0105 wnikaniu wody i rozpuszczalnych soli, pozwalaj\u0105c\u0105 jednak na przenikanie pary i innych gaz\u00f3w. Dzi\u0119ki temu pod\u0142o\u017ce ma mo\u017cliwo\u015b\u0107 \u201eoddychania\u201d. Impregnaty ITP-System zapobiegaj\u0105 wnikaniu [&hellip;]","og_url":"https:\/\/www.itp-system.pl\/index.php\/powloki-hydrofobowe\/","og_site_name":"ITP-System","article_modified_time":"2018-06-20T11:51:28+00:00","og_image":[{"width":1500,"height":752,"url":"https:\/\/www.itp-system.pl\/wp-content\/uploads\/2018\/06\/hf34.jpg","type":"image\/jpeg"}],"twitter_card":"summary_large_image","twitter_misc":{"Szacowany czas czytania":"1 minuta"},"schema":{"@context":"https:\/\/schema.org","@graph":[{"@type":"WebPage","@id":"https:\/\/www.itp-system.pl\/index.php\/powloki-hydrofobowe\/","url":"https:\/\/www.itp-system.pl\/index.php\/powloki-hydrofobowe\/","name":"Pow\u0142oki hydrofobowe - ITP-System","isPartOf":{"@id":"https:\/\/www.itp-system.pl\/#website"},"primaryImageOfPage":{"@id":"https:\/\/www.itp-system.pl\/index.php\/powloki-hydrofobowe\/#primaryimage"},"image":{"@id":"https:\/\/www.itp-system.pl\/index.php\/powloki-hydrofobowe\/#primaryimage"},"thumbnailUrl":"https:\/\/www.itp-system.pl\/wp-content\/uploads\/2018\/06\/hf34.jpg","datePublished":"2018-06-06T10:12:53+00:00","dateModified":"2018-06-20T11:51:28+00:00","breadcrumb":{"@id":"https:\/\/www.itp-system.pl\/index.php\/powloki-hydrofobowe\/#breadcrumb"},"inLanguage":"pl-PL","potentialAction":[{"@type":"ReadAction","target":["https:\/\/www.itp-system.pl\/index.php\/powloki-hydrofobowe\/"]}]},{"@type":"ImageObject","inLanguage":"pl-PL","@id":"https:\/\/www.itp-system.pl\/index.php\/powloki-hydrofobowe\/#primaryimage","url":"https:\/\/www.itp-system.pl\/wp-content\/uploads\/2018\/06\/hf34.jpg","contentUrl":"https:\/\/www.itp-system.pl\/wp-content\/uploads\/2018\/06\/hf34.jpg","width":1500,"height":752},{"@type":"BreadcrumbList","@id":"https:\/\/www.itp-system.pl\/index.php\/powloki-hydrofobowe\/#breadcrumb","itemListElement":[{"@type":"ListItem","position":1,"name":"Strona g\u0142\u00f3wna","item":"https:\/\/www.itp-system.pl\/"},{"@type":"ListItem","position":2,"name":"Pow\u0142oki hydrofobowe"}]},{"@type":"WebSite","@id":"https:\/\/www.itp-system.pl\/#website","url":"https:\/\/www.itp-system.pl\/","name":"ITP-System","description":"Centrum Innowacyjnych Technologii","publisher":{"@id":"https:\/\/www.itp-system.pl\/#organization"},"potentialAction":[{"@type":"SearchAction","target":{"@type":"EntryPoint","urlTemplate":"https:\/\/www.itp-system.pl\/?s={search_term_string}"},"query-input":{"@type":"PropertyValueSpecification","valueRequired":true,"valueName":"search_term_string"}}],"inLanguage":"pl-PL"},{"@type":"Organization","@id":"https:\/\/www.itp-system.pl\/#organization","name":"ITP-System Sp. z o.o.","url":"https:\/\/www.itp-system.pl\/","logo":{"@type":"ImageObject","inLanguage":"pl-PL","@id":"https:\/\/www.itp-system.pl\/#\/schema\/logo\/image\/","url":"https:\/\/www.itp-system.pl\/wp-content\/uploads\/2021\/03\/cropped-UEEU.png","contentUrl":"https:\/\/www.itp-system.pl\/wp-content\/uploads\/2021\/03\/cropped-UEEU.png","width":400,"height":100,"caption":"ITP-System Sp. z o.o."},"image":{"@id":"https:\/\/www.itp-system.pl\/#\/schema\/logo\/image\/"}}]}},"_links":{"self":[{"href":"https:\/\/www.itp-system.pl\/index.php\/wp-json\/wp\/v2\/pages\/5943","targetHints":{"allow":["GET"]}}],"collection":[{"href":"https:\/\/www.itp-system.pl\/index.php\/wp-json\/wp\/v2\/pages"}],"about":[{"href":"https:\/\/www.itp-system.pl\/index.php\/wp-json\/wp\/v2\/types\/page"}],"author":[{"embeddable":true,"href":"https:\/\/www.itp-system.pl\/index.php\/wp-json\/wp\/v2\/users\/1"}],"replies":[{"embeddable":true,"href":"https:\/\/www.itp-system.pl\/index.php\/wp-json\/wp\/v2\/comments?post=5943"}],"version-history":[{"count":6,"href":"https:\/\/www.itp-system.pl\/index.php\/wp-json\/wp\/v2\/pages\/5943\/revisions"}],"predecessor-version":[{"id":6516,"href":"https:\/\/www.itp-system.pl\/index.php\/wp-json\/wp\/v2\/pages\/5943\/revisions\/6516"}],"wp:featuredmedia":[{"embeddable":true,"href":"https:\/\/www.itp-system.pl\/index.php\/wp-json\/wp\/v2\/media\/6303"}],"wp:attachment":[{"href":"https:\/\/www.itp-system.pl\/index.php\/wp-json\/wp\/v2\/media?parent=5943"}],"curies":[{"name":"wp","href":"https:\/\/api.w.org\/{rel}","templated":true}]}}